{"id":1533,"date":"2023-05-08T16:06:02","date_gmt":"2023-05-08T16:06:02","guid":{"rendered":"https:\/\/wamosair.com\/configurador\/"},"modified":"2026-03-06T09:54:51","modified_gmt":"2026-03-06T09:54:51","slug":"configurador","status":"publish","type":"page","link":"https:\/\/wamosair.com\/es\/configurador\/","title":{"rendered":"Configurador"},"content":{"rendered":"","protected":false},"excerpt":{"rendered":"","protected":false},"author":2,"featured_media":0,"parent":0,"menu_order":0,"comment_status":"closed","ping_status":"closed","template":"configurador.php","meta":{"_acf_changed":false,"footnotes":""},"class_list":["post-1533","page","type-page","status-publish","hentry"],"acf":[],"yoast_head":"<!-- This site is optimized with the Yoast SEO plugin v26.6 - https:\/\/yoast.com\/wordpress\/plugins\/seo\/ -->\n<title>Personaliza tu avi\u00f3n como quieras| Wamos Air<\/title>\n<meta name=\"description\" content=\"Configura el dise\u00f1o de tu avi\u00f3n a tu gusto con tu logo y tus colores. Personaliza desde la librea hasta la cabecera de los asientos\" \/>\n<meta name=\"robots\" content=\"index, follow, max-snippet:-1, max-image-preview:large, max-video-preview:-1\" \/>\n<link rel=\"canonical\" href=\"https:\/\/wamosair.com\/es\/configurador\/\" \/>\n<meta property=\"og:locale\" content=\"es_ES\" \/>\n<meta property=\"og:type\" content=\"article\" \/>\n<meta property=\"og:title\" content=\"Personaliza tu avi\u00f3n como quieras| Wamos Air\" \/>\n<meta property=\"og:description\" content=\"Configura el dise\u00f1o de tu avi\u00f3n a tu gusto con tu logo y tus colores. Personaliza desde la librea hasta la cabecera de los asientos\" \/>\n<meta property=\"og:url\" content=\"https:\/\/wamosair.com\/es\/configurador\/\" \/>\n<meta property=\"og:site_name\" content=\"Wamos\" \/>\n<meta property=\"article:modified_time\" content=\"2026-03-06T09:54:51+00:00\" \/>\n<meta name=\"twitter:card\" content=\"summary_large_image\" \/>\n<script type=\"application\/ld+json\" class=\"yoast-schema-graph\">{\"@context\":\"https:\/\/schema.org\",\"@graph\":[{\"@type\":\"WebPage\",\"@id\":\"https:\/\/wamosair.com\/es\/configurador\/\",\"url\":\"https:\/\/wamosair.com\/es\/configurador\/\",\"name\":\"Personaliza tu avi\u00f3n como quieras| Wamos Air\",\"isPartOf\":{\"@id\":\"https:\/\/wamosair.com\/#website\"},\"datePublished\":\"2023-05-08T16:06:02+00:00\",\"dateModified\":\"2026-03-06T09:54:51+00:00\",\"description\":\"Configura el dise\u00f1o de tu avi\u00f3n a tu gusto con tu logo y tus colores. Personaliza desde la librea hasta la cabecera de los asientos\",\"breadcrumb\":{\"@id\":\"https:\/\/wamosair.com\/es\/configurador\/#breadcrumb\"},\"inLanguage\":\"es-ES\",\"potentialAction\":[{\"@type\":\"ReadAction\",\"target\":[\"https:\/\/wamosair.com\/es\/configurador\/\"]}]},{\"@type\":\"BreadcrumbList\",\"@id\":\"https:\/\/wamosair.com\/es\/configurador\/#breadcrumb\",\"itemListElement\":[{\"@type\":\"ListItem\",\"position\":1,\"name\":\"Home\",\"item\":\"https:\/\/wamosair.com\/es\/\"},{\"@type\":\"ListItem\",\"position\":2,\"name\":\"Configurador\"}]},{\"@type\":\"WebSite\",\"@id\":\"https:\/\/wamosair.com\/#website\",\"url\":\"https:\/\/wamosair.com\/\",\"name\":\"Wamos\",\"description\":\"Wamos Web\",\"potentialAction\":[{\"@type\":\"SearchAction\",\"target\":{\"@type\":\"EntryPoint\",\"urlTemplate\":\"https:\/\/wamosair.com\/?s={search_term_string}\"},\"query-input\":{\"@type\":\"PropertyValueSpecification\",\"valueRequired\":true,\"valueName\":\"search_term_string\"}}],\"inLanguage\":\"es-ES\"}]}<\/script>\n<!-- \/ Yoast SEO plugin. -->","yoast_head_json":{"title":"Personaliza tu avi\u00f3n como quieras| Wamos Air","description":"Configura el dise\u00f1o de tu avi\u00f3n a tu gusto con tu logo y tus colores. Personaliza desde la librea hasta la cabecera de los asientos","robots":{"index":"index","follow":"follow","max-snippet":"max-snippet:-1","max-image-preview":"max-image-preview:large","max-video-preview":"max-video-preview:-1"},"canonical":"https:\/\/wamosair.com\/es\/configurador\/","og_locale":"es_ES","og_type":"article","og_title":"Personaliza tu avi\u00f3n como quieras| Wamos Air","og_description":"Configura el dise\u00f1o de tu avi\u00f3n a tu gusto con tu logo y tus colores. Personaliza desde la librea hasta la cabecera de los asientos","og_url":"https:\/\/wamosair.com\/es\/configurador\/","og_site_name":"Wamos","article_modified_time":"2026-03-06T09:54:51+00:00","twitter_card":"summary_large_image","schema":{"@context":"https:\/\/schema.org","@graph":[{"@type":"WebPage","@id":"https:\/\/wamosair.com\/es\/configurador\/","url":"https:\/\/wamosair.com\/es\/configurador\/","name":"Personaliza tu avi\u00f3n como quieras| Wamos Air","isPartOf":{"@id":"https:\/\/wamosair.com\/#website"},"datePublished":"2023-05-08T16:06:02+00:00","dateModified":"2026-03-06T09:54:51+00:00","description":"Configura el dise\u00f1o de tu avi\u00f3n a tu gusto con tu logo y tus colores. Personaliza desde la librea hasta la cabecera de los asientos","breadcrumb":{"@id":"https:\/\/wamosair.com\/es\/configurador\/#breadcrumb"},"inLanguage":"es-ES","potentialAction":[{"@type":"ReadAction","target":["https:\/\/wamosair.com\/es\/configurador\/"]}]},{"@type":"BreadcrumbList","@id":"https:\/\/wamosair.com\/es\/configurador\/#breadcrumb","itemListElement":[{"@type":"ListItem","position":1,"name":"Home","item":"https:\/\/wamosair.com\/es\/"},{"@type":"ListItem","position":2,"name":"Configurador"}]},{"@type":"WebSite","@id":"https:\/\/wamosair.com\/#website","url":"https:\/\/wamosair.com\/","name":"Wamos","description":"Wamos Web","potentialAction":[{"@type":"SearchAction","target":{"@type":"EntryPoint","urlTemplate":"https:\/\/wamosair.com\/?s={search_term_string}"},"query-input":{"@type":"PropertyValueSpecification","valueRequired":true,"valueName":"search_term_string"}}],"inLanguage":"es-ES"}]}},"_links":{"self":[{"href":"https:\/\/wamosair.com\/es\/wp-json\/wp\/v2\/pages\/1533","targetHints":{"allow":["GET"]}}],"collection":[{"href":"https:\/\/wamosair.com\/es\/wp-json\/wp\/v2\/pages"}],"about":[{"href":"https:\/\/wamosair.com\/es\/wp-json\/wp\/v2\/types\/page"}],"author":[{"embeddable":true,"href":"https:\/\/wamosair.com\/es\/wp-json\/wp\/v2\/users\/2"}],"replies":[{"embeddable":true,"href":"https:\/\/wamosair.com\/es\/wp-json\/wp\/v2\/comments?post=1533"}],"version-history":[{"count":4,"href":"https:\/\/wamosair.com\/es\/wp-json\/wp\/v2\/pages\/1533\/revisions"}],"predecessor-version":[{"id":2406,"href":"https:\/\/wamosair.com\/es\/wp-json\/wp\/v2\/pages\/1533\/revisions\/2406"}],"wp:attachment":[{"href":"https:\/\/wamosair.com\/es\/wp-json\/wp\/v2\/media?parent=1533"}],"curies":[{"name":"wp","href":"https:\/\/api.w.org\/{rel}","templated":true}]}}