{"id":65,"date":"2022-11-08T10:56:00","date_gmt":"2022-11-08T10:56:00","guid":{"rendered":"http:\/\/localhost:8080\/inicio\/"},"modified":"2023-01-17T19:29:22","modified_gmt":"2023-01-17T19:29:22","slug":"inicio","status":"publish","type":"page","link":"https:\/\/wamosair.com\/es\/","title":{"rendered":"Inicio"},"content":{"rendered":"\n<p>Esto es el inicio<\/p>\n","protected":false},"excerpt":{"rendered":"<p>Esto es el inicio<\/p>\n","protected":false},"author":2,"featured_media":0,"parent":0,"menu_order":0,"comment_status":"closed","ping_status":"closed","template":"home.php","meta":{"_acf_changed":false,"footnotes":""},"class_list":["post-65","page","type-page","status-publish","hentry"],"acf":[],"yoast_head":"<!-- This site is optimized with the Yoast SEO plugin v26.6 - https:\/\/yoast.com\/wordpress\/plugins\/seo\/ -->\n<title>Wamos Air | L\u00edder Europeo en operaciones Ch\u00e1rter y Wet Lease<\/title>\n<meta name=\"description\" content=\"Wamos Air, la mejor compa\u00f1\u00eda espa\u00f1ola de ch\u00e1rter. Nuestros aviones est\u00e1n preparados para despegar a cualquier destino del mundo en 3 horas. Desc\u00fabrenos.\" \/>\n<meta name=\"robots\" content=\"index, follow, max-snippet:-1, max-image-preview:large, max-video-preview:-1\" \/>\n<link rel=\"canonical\" href=\"https:\/\/wamosair.com\/es\/\" \/>\n<meta property=\"og:locale\" content=\"es_ES\" \/>\n<meta property=\"og:type\" content=\"article\" \/>\n<meta property=\"og:title\" content=\"Wamos Air | L\u00edder Europeo en operaciones Ch\u00e1rter y Wet Lease\" \/>\n<meta property=\"og:description\" content=\"Wamos Air, la mejor compa\u00f1\u00eda espa\u00f1ola de ch\u00e1rter. Nuestros aviones est\u00e1n preparados para despegar a cualquier destino del mundo en 3 horas. Desc\u00fabrenos.\" \/>\n<meta property=\"og:url\" content=\"https:\/\/wamosair.com\/es\/\" \/>\n<meta property=\"og:site_name\" content=\"Wamos\" \/>\n<meta property=\"article:modified_time\" content=\"2023-01-17T19:29:22+00:00\" \/>\n<meta name=\"twitter:card\" content=\"summary_large_image\" \/>\n<meta name=\"twitter:label1\" content=\"Est. reading time\" \/>\n\t<meta name=\"twitter:data1\" content=\"1 minute\" \/>\n<script type=\"application\/ld+json\" class=\"yoast-schema-graph\">{\"@context\":\"https:\/\/schema.org\",\"@graph\":[{\"@type\":\"WebPage\",\"@id\":\"https:\/\/wamosair.com\/es\/\",\"url\":\"https:\/\/wamosair.com\/es\/\",\"name\":\"Wamos Air | L\u00edder Europeo en operaciones Ch\u00e1rter y Wet Lease\",\"isPartOf\":{\"@id\":\"https:\/\/wamosair.com\/#website\"},\"datePublished\":\"2022-11-08T10:56:00+00:00\",\"dateModified\":\"2023-01-17T19:29:22+00:00\",\"description\":\"Wamos Air, la mejor compa\u00f1\u00eda espa\u00f1ola de ch\u00e1rter. Nuestros aviones est\u00e1n preparados para despegar a cualquier destino del mundo en 3 horas. Desc\u00fabrenos.\",\"breadcrumb\":{\"@id\":\"https:\/\/wamosair.com\/es\/#breadcrumb\"},\"inLanguage\":\"es-ES\",\"potentialAction\":[{\"@type\":\"ReadAction\",\"target\":[\"https:\/\/wamosair.com\/es\/\"]}]},{\"@type\":\"BreadcrumbList\",\"@id\":\"https:\/\/wamosair.com\/es\/#breadcrumb\",\"itemListElement\":[{\"@type\":\"ListItem\",\"position\":1,\"name\":\"Home\",\"item\":\"https:\/\/wamosair.com\/es\/\"},{\"@type\":\"ListItem\",\"position\":2,\"name\":\"Inicio\"}]},{\"@type\":\"WebSite\",\"@id\":\"https:\/\/wamosair.com\/#website\",\"url\":\"https:\/\/wamosair.com\/\",\"name\":\"Wamos\",\"description\":\"Wamos Web\",\"potentialAction\":[{\"@type\":\"SearchAction\",\"target\":{\"@type\":\"EntryPoint\",\"urlTemplate\":\"https:\/\/wamosair.com\/?s={search_term_string}\"},\"query-input\":{\"@type\":\"PropertyValueSpecification\",\"valueRequired\":true,\"valueName\":\"search_term_string\"}}],\"inLanguage\":\"es-ES\"}]}<\/script>\n<!-- \/ Yoast SEO plugin. -->","yoast_head_json":{"title":"Wamos Air | L\u00edder Europeo en operaciones Ch\u00e1rter y Wet Lease","description":"Wamos Air, la mejor compa\u00f1\u00eda espa\u00f1ola de ch\u00e1rter. Nuestros aviones est\u00e1n preparados para despegar a cualquier destino del mundo en 3 horas. Desc\u00fabrenos.","robots":{"index":"index","follow":"follow","max-snippet":"max-snippet:-1","max-image-preview":"max-image-preview:large","max-video-preview":"max-video-preview:-1"},"canonical":"https:\/\/wamosair.com\/es\/","og_locale":"es_ES","og_type":"article","og_title":"Wamos Air | L\u00edder Europeo en operaciones Ch\u00e1rter y Wet Lease","og_description":"Wamos Air, la mejor compa\u00f1\u00eda espa\u00f1ola de ch\u00e1rter. Nuestros aviones est\u00e1n preparados para despegar a cualquier destino del mundo en 3 horas. Desc\u00fabrenos.","og_url":"https:\/\/wamosair.com\/es\/","og_site_name":"Wamos","article_modified_time":"2023-01-17T19:29:22+00:00","twitter_card":"summary_large_image","twitter_misc":{"Est. reading time":"1 minute"},"schema":{"@context":"https:\/\/schema.org","@graph":[{"@type":"WebPage","@id":"https:\/\/wamosair.com\/es\/","url":"https:\/\/wamosair.com\/es\/","name":"Wamos Air | L\u00edder Europeo en operaciones Ch\u00e1rter y Wet Lease","isPartOf":{"@id":"https:\/\/wamosair.com\/#website"},"datePublished":"2022-11-08T10:56:00+00:00","dateModified":"2023-01-17T19:29:22+00:00","description":"Wamos Air, la mejor compa\u00f1\u00eda espa\u00f1ola de ch\u00e1rter. Nuestros aviones est\u00e1n preparados para despegar a cualquier destino del mundo en 3 horas. Desc\u00fabrenos.","breadcrumb":{"@id":"https:\/\/wamosair.com\/es\/#breadcrumb"},"inLanguage":"es-ES","potentialAction":[{"@type":"ReadAction","target":["https:\/\/wamosair.com\/es\/"]}]},{"@type":"BreadcrumbList","@id":"https:\/\/wamosair.com\/es\/#breadcrumb","itemListElement":[{"@type":"ListItem","position":1,"name":"Home","item":"https:\/\/wamosair.com\/es\/"},{"@type":"ListItem","position":2,"name":"Inicio"}]},{"@type":"WebSite","@id":"https:\/\/wamosair.com\/#website","url":"https:\/\/wamosair.com\/","name":"Wamos","description":"Wamos Web","potentialAction":[{"@type":"SearchAction","target":{"@type":"EntryPoint","urlTemplate":"https:\/\/wamosair.com\/?s={search_term_string}"},"query-input":{"@type":"PropertyValueSpecification","valueRequired":true,"valueName":"search_term_string"}}],"inLanguage":"es-ES"}]}},"_links":{"self":[{"href":"https:\/\/wamosair.com\/es\/wp-json\/wp\/v2\/pages\/65","targetHints":{"allow":["GET"]}}],"collection":[{"href":"https:\/\/wamosair.com\/es\/wp-json\/wp\/v2\/pages"}],"about":[{"href":"https:\/\/wamosair.com\/es\/wp-json\/wp\/v2\/types\/page"}],"author":[{"embeddable":true,"href":"https:\/\/wamosair.com\/es\/wp-json\/wp\/v2\/users\/2"}],"replies":[{"embeddable":true,"href":"https:\/\/wamosair.com\/es\/wp-json\/wp\/v2\/comments?post=65"}],"version-history":[{"count":5,"href":"https:\/\/wamosair.com\/es\/wp-json\/wp\/v2\/pages\/65\/revisions"}],"predecessor-version":[{"id":1398,"href":"https:\/\/wamosair.com\/es\/wp-json\/wp\/v2\/pages\/65\/revisions\/1398"}],"wp:attachment":[{"href":"https:\/\/wamosair.com\/es\/wp-json\/wp\/v2\/media?parent=65"}],"curies":[{"name":"wp","href":"https:\/\/api.w.org\/{rel}","templated":true}]}}